{"id":126,"date":"2025-08-14T12:56:48","date_gmt":"2025-08-14T10:56:48","guid":{"rendered":"https:\/\/ckg.nu\/?page_id=126"},"modified":"2025-12-10T02:29:32","modified_gmt":"2025-12-10T01:29:32","slug":"alpha","status":"publish","type":"page","link":"https:\/\/ckg.nu\/en\/alpha\/","title":{"rendered":"Alpha Chalmers"},"content":{"rendered":"\n<div class=\"wp-block-group alignfull has-global-padding is-layout-constrained wp-container-core-group-is-layout-490fa1db wp-block-group-is-layout-constrained\" style=\"padding-top:var(--wp--preset--spacing--50);padding-right:var(--wp--preset--spacing--50);padding-bottom:var(--wp--preset--spacing--50);padding-left:var(--wp--preset--spacing--50)\">\n<div class=\"wp-block-group has-global-padding is-layout-constrained wp-container-core-group-is-layout-650790e1 wp-block-group-is-layout-constrained\">\n<h1 class=\"wp-block-heading has-text-align-center has-x-large-font-size\">Alpha p\u00e5 Chalmers<\/h1>\n\n\n\n<div style=\"height:1.25rem\" aria-hidden=\"true\" class=\"wp-block-spacer\"><\/div>\n\n\n\n<p class=\"has-text-align-center\">Hitta dina m\u00e4nniskor och en avslappnad milj\u00f6 att utforska livets stora fr\u00e5gor.<\/p>\n\n\n\n<div style=\"height:1.25rem\" aria-hidden=\"true\" class=\"wp-block-spacer\"><\/div>\n\n\n\n<div class=\"wp-block-buttons is-content-justification-center is-layout-flex wp-container-core-buttons-is-layout-a89b3969 wp-block-buttons-is-layout-flex\">\n<div class=\"wp-block-button is-style-fill\"><a class=\"wp-block-button__link has-text-align-center wp-element-button\" href=\"https:\/\/www.instagram.com\/studentalpha_chalmers\/\" target=\"_blank\" rel=\"noreferrer noopener\">F\u00f6lj oss p\u00e5 Instagram<\/a><\/div>\n<\/div>\n<\/div>\n\n\n\n<div style=\"height:var(--wp--preset--spacing--30)\" aria-hidden=\"true\" class=\"wp-block-spacer\"><\/div>\n\n\n\n<figure class=\"wp-block-image alignwide size-full is-style-rounded is-style-rounded--1\"><img loading=\"lazy\" decoding=\"async\" width=\"1920\" height=\"1080\" src=\"https:\/\/ckg.nu\/wp-content\/uploads\/2025\/08\/2.jpg\" alt=\"\" class=\"wp-image-130\" srcset=\"https:\/\/ckg.nu\/wp-content\/uploads\/2025\/08\/2.jpg 1920w, https:\/\/ckg.nu\/wp-content\/uploads\/2025\/08\/2-300x169.jpg 300w, https:\/\/ckg.nu\/wp-content\/uploads\/2025\/08\/2-1024x576.jpg 1024w, https:\/\/ckg.nu\/wp-content\/uploads\/2025\/08\/2-768x432.jpg 768w, https:\/\/ckg.nu\/wp-content\/uploads\/2025\/08\/2-1536x864.jpg 1536w\" sizes=\"auto, (max-width: 1920px) 100vw, 1920px\" \/><\/figure>\n<\/div>\n\n\n\n<div class=\"wp-block-group alignfull has-global-padding is-layout-constrained wp-container-core-group-is-layout-d89aad35 wp-block-group-is-layout-constrained\" style=\"margin-top:0;margin-bottom:0;padding-top:var(--wp--preset--spacing--50);padding-right:var(--wp--preset--spacing--50);padding-bottom:var(--wp--preset--spacing--50);padding-left:var(--wp--preset--spacing--50)\">\n<div class=\"wp-block-group alignwide has-base-2-background-color has-background has-global-padding is-layout-constrained wp-container-core-group-is-layout-2294234b wp-block-group-is-layout-constrained\" style=\"border-radius:16px;padding-top:var(--wp--preset--spacing--40);padding-right:var(--wp--preset--spacing--60);padding-bottom:var(--wp--preset--spacing--40);padding-left:var(--wp--preset--spacing--60)\">\n<div style=\"height:var(--wp--preset--spacing--10)\" aria-hidden=\"true\" class=\"wp-block-spacer\"><\/div>\n\n\n\n<h2 class=\"wp-block-heading has-text-align-center is-style-asterisk\">Praktisk information<\/h2>\n\n\n\n<div style=\"height:var(--wp--preset--spacing--30)\" aria-hidden=\"true\" class=\"wp-block-spacer\"><\/div>\n\n\n\n<div class=\"wp-block-columns alignwide is-layout-flex wp-container-core-columns-is-layout-cf06de28 wp-block-columns-is-layout-flex\">\n<div class=\"wp-block-column is-layout-flow wp-block-column-is-layout-flow\">\n<h3 class=\"wp-block-heading has-text-align-center is-style-default\">Var?<\/h3>\n\n\n\n<p class=\"has-text-align-center\">MC, <br>Chalmers universitet<\/p>\n\n\n\n<div style=\"height:var(--wp--preset--spacing--10)\" aria-hidden=\"true\" class=\"wp-block-spacer\"><\/div>\n<\/div>\n\n\n\n<div class=\"wp-block-column is-layout-flow wp-block-column-is-layout-flow\">\n<h3 class=\"wp-block-heading has-text-align-center is-style-default\">N\u00e4r?<\/h3>\n\n\n\n<p class=\"has-text-align-center\">Torsdagar 17:30-19:30 v7-16<br><em>Uppeh\u00e5ll v12 (Tentaperiod)<\/em><\/p>\n\n\n\n<div style=\"height:var(--wp--preset--spacing--10)\" aria-hidden=\"true\" class=\"wp-block-spacer\"><\/div>\n<\/div>\n\n\n\n<div class=\"wp-block-column is-layout-flow wp-block-column-is-layout-flow\">\n<h3 class=\"wp-block-heading has-text-align-center is-style-default\">Vem?<\/h3>\n\n\n\n<p class=\"has-text-align-center\">Studenter &amp; unga vuxna som \u00e4r nyfikna p\u00e5 livets stora fr\u00e5gor.<\/p>\n\n\n\n<div style=\"height:var(--wp--preset--spacing--10)\" aria-hidden=\"true\" class=\"wp-block-spacer\"><\/div>\n<\/div>\n<\/div>\n<\/div>\n<\/div>\n\n\n\n<div class=\"wp-block-group alignfull has-base-color has-contrast-background-color has-text-color has-background has-global-padding is-content-justification-center is-layout-constrained wp-container-core-group-is-layout-6e5ccc65 wp-block-group-is-layout-constrained\" style=\"margin-top:0;margin-bottom:0;padding-top:var(--wp--preset--spacing--40);padding-right:var(--wp--preset--spacing--60);padding-bottom:var(--wp--preset--spacing--40);padding-left:var(--wp--preset--spacing--60)\">\n<h2 class=\"wp-block-heading has-text-align-center is-style-asterisk has-base-color has-text-color has-link-color wp-elements-eb01baff5dde57b0aa73de8e688b60bc\">Se trailern<\/h2>\n\n\n\n<div style=\"height:24px\" aria-hidden=\"true\" class=\"wp-block-spacer\"><\/div>\n\n\n\n<figure class=\"wp-block-embed is-type-video is-provider-vimeo wp-block-embed-vimeo wp-embed-aspect-16-9 wp-has-aspect-ratio\"><div class=\"wp-block-embed__wrapper\">\n<iframe loading=\"lazy\" title=\"AFS Trailer [sv]\" src=\"https:\/\/player.vimeo.com\/video\/646867756?dnt=1&amp;app_id=122963\" width=\"500\" height=\"281\" frameborder=\"0\" allow=\"autoplay; fullscreen; picture-in-picture; clipboard-write; encrypted-media; web-share\" referrerpolicy=\"strict-origin-when-cross-origin\"><\/iframe>\n<\/div><\/figure>\n<\/div>\n\n\n\n<div class=\"wp-block-group alignfull has-base-2-background-color has-background has-global-padding is-layout-constrained wp-container-core-group-is-layout-669513ed wp-block-group-is-layout-constrained\" style=\"margin-top:0;margin-bottom:0;padding-top:var(--wp--preset--spacing--50);padding-right:var(--wp--preset--spacing--50);padding-bottom:var(--wp--preset--spacing--50);padding-left:var(--wp--preset--spacing--50)\">\n<div class=\"wp-block-group is-vertical is-content-justification-center is-layout-flex wp-container-core-group-is-layout-52b864f0 wp-block-group-is-layout-flex\">\n<h2 class=\"wp-block-heading has-text-align-center is-style-asterisk\">S\u00e5 h\u00e4r g\u00e5r det till<\/h2>\n\n\n\n<div style=\"height:0px\" aria-hidden=\"true\" class=\"wp-block-spacer wp-container-content-4f2ccadb\"><\/div>\n\n\n\n<p class=\"has-text-align-center\">Varje tillf\u00e4lle p\u00e5 Alpha inneh\u00e5ller f\u00f6ljande delar:<\/p>\n<\/div>\n\n\n\n<div style=\"margin-top:0;margin-bottom:0;height:var(--wp--preset--spacing--40)\" aria-hidden=\"true\" class=\"wp-block-spacer\"><\/div>\n\n\n\n<div class=\"wp-block-columns alignwide is-layout-flex wp-container-core-columns-is-layout-d0bbbce0 wp-block-columns-is-layout-flex\">\n<div class=\"wp-block-column is-layout-flow wp-container-core-column-is-layout-e3d1c41b wp-block-column-is-layout-flow\">\n<h3 class=\"wp-block-heading has-text-align-left is-style-asterisk has-body-font-family has-medium-font-size\" style=\"font-style:normal;font-weight:600\">Gemenskap<\/h3>\n\n\n\n<p class=\"has-text-align-left\">Alpha handlar fr\u00e4mst om <strong>gemenskap<\/strong>, om ett enkelt men viktigt delande av livet. Vi \u00e4ter <strong>kv\u00e4llsmat<\/strong> tillsammans, och f\u00e5r chans att l\u00e4ra k\u00e4nna nya v\u00e4nner.<\/p>\n<\/div>\n\n\n\n<div class=\"wp-block-column is-layout-flow wp-container-core-column-is-layout-e3d1c41b wp-block-column-is-layout-flow\">\n<h3 class=\"wp-block-heading has-text-align-left is-style-asterisk has-body-font-family has-medium-font-size\" style=\"font-style:normal;font-weight:600\">Film<\/h3>\n\n\n\n<p class=\"has-text-align-left\">Filmerna \u00e4r utformade f\u00f6r att engagera och inspirera till samtal. Cirka 25-30 minuter kring livets stora fr\u00e5gor: Vem \u00e4r <strong>Jesus<\/strong>, h\u00f6r Gud b\u00f6n och vad \u00e4r egentligen <strong>meningen med livet<\/strong>?<\/p>\n\n\n\n<p class=\"has-text-align-left\">Alpha \u00e4r en chans att f\u00e5 kristen tro f\u00f6rklarad ifr\u00e5n kyrkans perspektiv.<\/p>\n<\/div>\n\n\n\n<div class=\"wp-block-column is-layout-flow wp-container-core-column-is-layout-e3d1c41b wp-block-column-is-layout-flow\">\n<h3 class=\"wp-block-heading has-text-align-left is-style-asterisk has-body-font-family has-medium-font-size\" style=\"font-style:normal;font-weight:600\">Samtal<\/h3>\n\n\n\n<p class=\"has-text-align-left\">Sist kommer den f\u00f6rmodligen vikigaste delen av Alpha: chansen att <strong>dela tankar och id\u00e9er<\/strong> om dagens \u00e4mne och samtala kring det i en liten grupp. Det finns ingenting man inte f\u00e5r s\u00e4ga, allt \u00e4r till\u00e5tet. Det \u00e4r en m\u00f6jlighet att lyssna till andra och bidra \u2013 om man s\u00e5 vill \u2013 med sitt eget perspektiv i en <strong>\u00e4rlig<\/strong>, <strong>v\u00e4nlig<\/strong> och <strong>\u00f6ppen<\/strong> milj\u00f6.<\/p>\n<\/div>\n<\/div>\n\n\n\n<div style=\"height:16px\" aria-hidden=\"true\" class=\"wp-block-spacer\"><\/div>\n\n\n\n<div class=\"wp-block-columns alignwide is-layout-flex wp-container-core-columns-is-layout-d0bbbce0 wp-block-columns-is-layout-flex\">\n<div class=\"wp-block-column is-layout-flow wp-container-core-column-is-layout-e3d1c41b wp-block-column-is-layout-flow\">\n<figure class=\"wp-block-image size-large is-style-rounded is-style-rounded--2\"><img decoding=\"async\" src=\"https:\/\/alphasverige.se\/wp-content\/uploads\/sites\/22\/2025\/04\/2J8A9851-stor.jpeg\" alt=\"\"\/><\/figure>\n<\/div>\n\n\n\n<div class=\"wp-block-column is-layout-flow wp-container-core-column-is-layout-e3d1c41b wp-block-column-is-layout-flow\">\n<figure class=\"wp-block-image size-large is-style-rounded is-style-rounded--3\"><img decoding=\"async\" src=\"https:\/\/alphasverige.se\/wp-content\/uploads\/sites\/22\/2021\/10\/namnlo%CC%88st-4-_19-09-24-19-09-24-edited-1.jpg\" alt=\"\"\/><\/figure>\n<\/div>\n\n\n\n<div class=\"wp-block-column is-layout-flow wp-container-core-column-is-layout-e3d1c41b wp-block-column-is-layout-flow\">\n<figure class=\"wp-block-image size-large is-style-rounded is-style-rounded--4\"><img decoding=\"async\" src=\"https:\/\/alphasverige.se\/wp-content\/uploads\/sites\/22\/2025\/04\/foto-samtal-stor.jpeg\" alt=\"\"\/><\/figure>\n<\/div>\n<\/div>\n<\/div>\n","protected":false},"excerpt":{"rendered":"<p>Alpha p\u00e5 Chalmers Hitta dina m\u00e4nniskor och en avslappnad milj\u00f6 att utforska livets stora fr\u00e5gor. Praktisk information Var? MC, Chalmers universitet N\u00e4r? Torsdagar 17:30-19:30 v7-16Uppeh\u00e5ll v12 (Tentaperiod) Vem? Studenter &amp; unga vuxna som \u00e4r nyfikna p\u00e5 livets stora fr\u00e5gor. Se trailern S\u00e5 h\u00e4r g\u00e5r det till Varje tillf\u00e4lle p\u00e5 Alpha inneh\u00e5ller f\u00f6ljande delar: Gemenskap Alpha [&hellip;]<\/p>\n","protected":false},"author":1,"featured_media":0,"parent":0,"menu_order":0,"comment_status":"closed","ping_status":"closed","template":"","meta":{"footnotes":""},"class_list":["post-126","page","type-page","status-publish","hentry"],"yoast_head":"<!-- This site is optimized with the Yoast SEO plugin v27.4 - https:\/\/yoast.com\/product\/yoast-seo-wordpress\/ -->\n<title>Alpha Chalmers - Chalmers Kristna Grupp<\/title>\n<meta name=\"robots\" content=\"index, follow, max-snippet:-1, max-image-preview:large, max-video-preview:-1\" \/>\n<link rel=\"canonical\" href=\"https:\/\/ckg.nu\/en\/alpha\/\" \/>\n<meta property=\"og:locale\" content=\"en_US\" \/>\n<meta property=\"og:type\" content=\"article\" \/>\n<meta property=\"og:title\" content=\"Alpha Chalmers - Chalmers Kristna Grupp\" \/>\n<meta property=\"og:description\" content=\"Alpha p\u00e5 Chalmers Hitta dina m\u00e4nniskor och en avslappnad milj\u00f6 att utforska livets stora fr\u00e5gor. Praktisk information Var? MC, Chalmers universitet N\u00e4r? Torsdagar 17:30-19:30 v7-16Uppeh\u00e5ll v12 (Tentaperiod) Vem? Studenter &amp; unga vuxna som \u00e4r nyfikna p\u00e5 livets stora fr\u00e5gor. Se trailern S\u00e5 h\u00e4r g\u00e5r det till Varje tillf\u00e4lle p\u00e5 Alpha inneh\u00e5ller f\u00f6ljande delar: Gemenskap Alpha [&hellip;]\" \/>\n<meta property=\"og:url\" content=\"https:\/\/ckg.nu\/en\/alpha\/\" \/>\n<meta property=\"og:site_name\" content=\"Chalmers Kristna Grupp\" \/>\n<meta property=\"article:modified_time\" content=\"2025-12-10T01:29:32+00:00\" \/>\n<meta property=\"og:image\" content=\"https:\/\/ckg.nu\/wp-content\/uploads\/2025\/08\/2.jpg\" \/>\n\t<meta property=\"og:image:width\" content=\"1920\" \/>\n\t<meta property=\"og:image:height\" content=\"1080\" \/>\n\t<meta property=\"og:image:type\" content=\"image\/jpeg\" \/>\n<meta name=\"twitter:card\" content=\"summary_large_image\" \/>\n<meta name=\"twitter:label1\" content=\"Est. reading time\" \/>\n\t<meta name=\"twitter:data1\" content=\"1 minute\" \/>\n<script type=\"application\/ld+json\" class=\"yoast-schema-graph\">{\"@context\":\"https:\\\/\\\/schema.org\",\"@graph\":[{\"@type\":\"WebPage\",\"@id\":\"https:\\\/\\\/ckg.nu\\\/alpha\\\/\",\"url\":\"https:\\\/\\\/ckg.nu\\\/alpha\\\/\",\"name\":\"Alpha Chalmers - Chalmers Kristna Grupp\",\"isPartOf\":{\"@id\":\"https:\\\/\\\/ckg.nu\\\/#website\"},\"primaryImageOfPage\":{\"@id\":\"https:\\\/\\\/ckg.nu\\\/alpha\\\/#primaryimage\"},\"image\":{\"@id\":\"https:\\\/\\\/ckg.nu\\\/alpha\\\/#primaryimage\"},\"thumbnailUrl\":\"https:\\\/\\\/ckg.nu\\\/wp-content\\\/uploads\\\/2025\\\/08\\\/2.jpg\",\"datePublished\":\"2025-08-14T10:56:48+00:00\",\"dateModified\":\"2025-12-10T01:29:32+00:00\",\"breadcrumb\":{\"@id\":\"https:\\\/\\\/ckg.nu\\\/alpha\\\/#breadcrumb\"},\"inLanguage\":\"en-US\",\"potentialAction\":[{\"@type\":\"ReadAction\",\"target\":[\"https:\\\/\\\/ckg.nu\\\/alpha\\\/\"]}]},{\"@type\":\"ImageObject\",\"inLanguage\":\"en-US\",\"@id\":\"https:\\\/\\\/ckg.nu\\\/alpha\\\/#primaryimage\",\"url\":\"https:\\\/\\\/ckg.nu\\\/wp-content\\\/uploads\\\/2025\\\/08\\\/2.jpg\",\"contentUrl\":\"https:\\\/\\\/ckg.nu\\\/wp-content\\\/uploads\\\/2025\\\/08\\\/2.jpg\"},{\"@type\":\"BreadcrumbList\",\"@id\":\"https:\\\/\\\/ckg.nu\\\/alpha\\\/#breadcrumb\",\"itemListElement\":[{\"@type\":\"ListItem\",\"position\":1,\"name\":\"Hem\",\"item\":\"https:\\\/\\\/ckg.nu\\\/\"},{\"@type\":\"ListItem\",\"position\":2,\"name\":\"Alpha Chalmers\"}]},{\"@type\":\"WebSite\",\"@id\":\"https:\\\/\\\/ckg.nu\\\/#website\",\"url\":\"https:\\\/\\\/ckg.nu\\\/\",\"name\":\"Chalmers Kristna Grupp\",\"description\":\"Med Gud p\u00e5 Chalmers\",\"publisher\":{\"@id\":\"https:\\\/\\\/ckg.nu\\\/#organization\"},\"potentialAction\":[{\"@type\":\"SearchAction\",\"target\":{\"@type\":\"EntryPoint\",\"urlTemplate\":\"https:\\\/\\\/ckg.nu\\\/?s={search_term_string}\"},\"query-input\":{\"@type\":\"PropertyValueSpecification\",\"valueRequired\":true,\"valueName\":\"search_term_string\"}}],\"inLanguage\":\"en-US\"},{\"@type\":\"Organization\",\"@id\":\"https:\\\/\\\/ckg.nu\\\/#organization\",\"name\":\"Chalmers Kristna Grupp\",\"url\":\"https:\\\/\\\/ckg.nu\\\/\",\"logo\":{\"@type\":\"ImageObject\",\"inLanguage\":\"en-US\",\"@id\":\"https:\\\/\\\/ckg.nu\\\/#\\\/schema\\\/logo\\\/image\\\/\",\"url\":\"https:\\\/\\\/ckg.nu\\\/wp-content\\\/uploads\\\/2017\\\/11\\\/cropped-logga_orange.png\",\"contentUrl\":\"https:\\\/\\\/ckg.nu\\\/wp-content\\\/uploads\\\/2017\\\/11\\\/cropped-logga_orange.png\",\"width\":250,\"height\":116,\"caption\":\"Chalmers Kristna Grupp\"},\"image\":{\"@id\":\"https:\\\/\\\/ckg.nu\\\/#\\\/schema\\\/logo\\\/image\\\/\"}}]}<\/script>\n<!-- \/ Yoast SEO plugin. -->","yoast_head_json":{"title":"Alpha Chalmers - Chalmers Kristna Grupp","robots":{"index":"index","follow":"follow","max-snippet":"max-snippet:-1","max-image-preview":"max-image-preview:large","max-video-preview":"max-video-preview:-1"},"canonical":"https:\/\/ckg.nu\/en\/alpha\/","og_locale":"en_US","og_type":"article","og_title":"Alpha Chalmers - Chalmers Kristna Grupp","og_description":"Alpha p\u00e5 Chalmers Hitta dina m\u00e4nniskor och en avslappnad milj\u00f6 att utforska livets stora fr\u00e5gor. Praktisk information Var? MC, Chalmers universitet N\u00e4r? Torsdagar 17:30-19:30 v7-16Uppeh\u00e5ll v12 (Tentaperiod) Vem? Studenter &amp; unga vuxna som \u00e4r nyfikna p\u00e5 livets stora fr\u00e5gor. Se trailern S\u00e5 h\u00e4r g\u00e5r det till Varje tillf\u00e4lle p\u00e5 Alpha inneh\u00e5ller f\u00f6ljande delar: Gemenskap Alpha [&hellip;]","og_url":"https:\/\/ckg.nu\/en\/alpha\/","og_site_name":"Chalmers Kristna Grupp","article_modified_time":"2025-12-10T01:29:32+00:00","og_image":[{"width":1920,"height":1080,"url":"https:\/\/ckg.nu\/wp-content\/uploads\/2025\/08\/2.jpg","type":"image\/jpeg"}],"twitter_card":"summary_large_image","twitter_misc":{"Est. reading time":"1 minute"},"schema":{"@context":"https:\/\/schema.org","@graph":[{"@type":"WebPage","@id":"https:\/\/ckg.nu\/alpha\/","url":"https:\/\/ckg.nu\/alpha\/","name":"Alpha Chalmers - Chalmers Kristna Grupp","isPartOf":{"@id":"https:\/\/ckg.nu\/#website"},"primaryImageOfPage":{"@id":"https:\/\/ckg.nu\/alpha\/#primaryimage"},"image":{"@id":"https:\/\/ckg.nu\/alpha\/#primaryimage"},"thumbnailUrl":"https:\/\/ckg.nu\/wp-content\/uploads\/2025\/08\/2.jpg","datePublished":"2025-08-14T10:56:48+00:00","dateModified":"2025-12-10T01:29:32+00:00","breadcrumb":{"@id":"https:\/\/ckg.nu\/alpha\/#breadcrumb"},"inLanguage":"en-US","potentialAction":[{"@type":"ReadAction","target":["https:\/\/ckg.nu\/alpha\/"]}]},{"@type":"ImageObject","inLanguage":"en-US","@id":"https:\/\/ckg.nu\/alpha\/#primaryimage","url":"https:\/\/ckg.nu\/wp-content\/uploads\/2025\/08\/2.jpg","contentUrl":"https:\/\/ckg.nu\/wp-content\/uploads\/2025\/08\/2.jpg"},{"@type":"BreadcrumbList","@id":"https:\/\/ckg.nu\/alpha\/#breadcrumb","itemListElement":[{"@type":"ListItem","position":1,"name":"Hem","item":"https:\/\/ckg.nu\/"},{"@type":"ListItem","position":2,"name":"Alpha Chalmers"}]},{"@type":"WebSite","@id":"https:\/\/ckg.nu\/#website","url":"https:\/\/ckg.nu\/","name":"Chalmers Kristna Grupp","description":"With God at Chalmers","publisher":{"@id":"https:\/\/ckg.nu\/#organization"},"potentialAction":[{"@type":"SearchAction","target":{"@type":"EntryPoint","urlTemplate":"https:\/\/ckg.nu\/?s={search_term_string}"},"query-input":{"@type":"PropertyValueSpecification","valueRequired":true,"valueName":"search_term_string"}}],"inLanguage":"en-US"},{"@type":"Organization","@id":"https:\/\/ckg.nu\/#organization","name":"Chalmers Kristna Grupp","url":"https:\/\/ckg.nu\/","logo":{"@type":"ImageObject","inLanguage":"en-US","@id":"https:\/\/ckg.nu\/#\/schema\/logo\/image\/","url":"https:\/\/ckg.nu\/wp-content\/uploads\/2017\/11\/cropped-logga_orange.png","contentUrl":"https:\/\/ckg.nu\/wp-content\/uploads\/2017\/11\/cropped-logga_orange.png","width":250,"height":116,"caption":"Chalmers Kristna Grupp"},"image":{"@id":"https:\/\/ckg.nu\/#\/schema\/logo\/image\/"}}]}},"_links":{"self":[{"href":"https:\/\/ckg.nu\/en\/wp-json\/wp\/v2\/pages\/126","targetHints":{"allow":["GET"]}}],"collection":[{"href":"https:\/\/ckg.nu\/en\/wp-json\/wp\/v2\/pages"}],"about":[{"href":"https:\/\/ckg.nu\/en\/wp-json\/wp\/v2\/types\/page"}],"author":[{"embeddable":true,"href":"https:\/\/ckg.nu\/en\/wp-json\/wp\/v2\/users\/1"}],"replies":[{"embeddable":true,"href":"https:\/\/ckg.nu\/en\/wp-json\/wp\/v2\/comments?post=126"}],"version-history":[{"count":14,"href":"https:\/\/ckg.nu\/en\/wp-json\/wp\/v2\/pages\/126\/revisions"}],"predecessor-version":[{"id":186,"href":"https:\/\/ckg.nu\/en\/wp-json\/wp\/v2\/pages\/126\/revisions\/186"}],"wp:attachment":[{"href":"https:\/\/ckg.nu\/en\/wp-json\/wp\/v2\/media?parent=126"}],"curies":[{"name":"wp","href":"https:\/\/api.w.org\/{rel}","templated":true}]}}