{"id":97,"date":"2025-08-13T13:33:57","date_gmt":"2025-08-13T11:33:57","guid":{"rendered":"https:\/\/ckg.nu\/?page_id=97"},"modified":"2026-02-27T10:16:35","modified_gmt":"2026-02-27T09:16:35","slug":"homepage","status":"publish","type":"page","link":"https:\/\/ckg.nu\/en\/","title":{"rendered":"CKG"},"content":{"rendered":"<div class=\"wp-block-group alignfull has-global-padding is-layout-constrained wp-container-core-group-is-layout-490fa1db wp-block-group-is-layout-constrained\" style=\"padding-top:var(--wp--preset--spacing--50);padding-right:var(--wp--preset--spacing--50);padding-bottom:var(--wp--preset--spacing--50);padding-left:var(--wp--preset--spacing--50)\">\n<div class=\"wp-block-group has-global-padding is-layout-constrained wp-container-core-group-is-layout-650790e1 wp-block-group-is-layout-constrained\">\n<h1 class=\"wp-block-heading has-text-align-center has-x-large-font-size\">Chalmers Kristna Grupp<\/h1>\n\n\n\n<div style=\"height:1.25rem\" aria-hidden=\"true\" class=\"wp-block-spacer\"><\/div>\n\n\n\n<p class=\"has-text-align-center\">We want to make Jesus known, believed, loved and followed at Chalmers. Come along!<\/p>\n\n\n\n<div style=\"height:1.25rem\" aria-hidden=\"true\" class=\"wp-block-spacer\"><\/div>\n\n\n\n<div class=\"wp-block-buttons is-content-justification-center is-layout-flex wp-container-core-buttons-is-layout-a89b3969 wp-block-buttons-is-layout-flex\">\n<div class=\"wp-block-button\"><a class=\"wp-block-button__link wp-element-button\" href=\"#footer\">Om oss<\/a><\/div>\n<\/div>\n<\/div>\n\n\n\n<div style=\"height:var(--wp--preset--spacing--30)\" aria-hidden=\"true\" class=\"wp-block-spacer\"><\/div>\n\n\n\n<figure class=\"wp-block-image alignwide size-full is-style-rounded is-style-rounded--1\"><img loading=\"lazy\" decoding=\"async\" width=\"2048\" height=\"1045\" src=\"https:\/\/ckg.nu\/wp-content\/uploads\/2025\/08\/Kors-orange.png\" alt=\"\" class=\"wp-image-99\" srcset=\"https:\/\/ckg.nu\/wp-content\/uploads\/2025\/08\/Kors-orange.png 2048w, https:\/\/ckg.nu\/wp-content\/uploads\/2025\/08\/Kors-orange-300x153.png 300w, https:\/\/ckg.nu\/wp-content\/uploads\/2025\/08\/Kors-orange-1024x523.png 1024w, https:\/\/ckg.nu\/wp-content\/uploads\/2025\/08\/Kors-orange-768x392.png 768w, https:\/\/ckg.nu\/wp-content\/uploads\/2025\/08\/Kors-orange-1536x784.png 1536w\" sizes=\"auto, (max-width: 2048px) 100vw, 2048px\" \/><\/figure>\n<\/div>\n\n\n\n<div class=\"wp-block-group alignfull has-base-2-background-color has-background has-global-padding is-layout-constrained wp-container-core-group-is-layout-d89aad35 wp-block-group-is-layout-constrained\" style=\"margin-top:0;margin-bottom:0;padding-top:var(--wp--preset--spacing--50);padding-right:var(--wp--preset--spacing--50);padding-bottom:var(--wp--preset--spacing--50);padding-left:var(--wp--preset--spacing--50)\">\n<div class=\"wp-block-group alignwide has-global-padding is-layout-constrained wp-container-core-group-is-layout-19e250f3 wp-block-group-is-layout-constrained\">\n<div class=\"wp-block-group is-vertical is-content-justification-center is-layout-flex wp-container-core-group-is-layout-6329a8f3 wp-block-group-is-layout-flex\">\n<h2 class=\"wp-block-heading has-text-align-center is-style-asterisk\">What do we do?<\/h2>\n\n\n\n<p class=\"has-text-align-center\">We want to pray and work as a Christian community at Chalmers so that God's will may be done on earth as it is in heaven.<\/p>\n<\/div>\n\n\n\n<div style=\"height:var(--wp--preset--spacing--40)\" aria-hidden=\"true\" class=\"wp-block-spacer\"><\/div>\n\n\n\n<div class=\"wp-block-columns alignwide is-layout-flex wp-container-core-columns-is-layout-d1c656ed wp-block-columns-is-layout-flex\">\n<div class=\"wp-block-column is-vertically-aligned-center is-layout-flow wp-block-column-is-layout-flow\" style=\"flex-basis:40%\">\n<h3 class=\"wp-block-heading is-style-asterisk\">Lunchgemenskap<\/h3>\n\n\n\n<p>Tuesdays 12:00-13:00<\/p>\n\n\n\n<p class=\"has-contrast-3-color has-text-color has-link-color wp-elements-895ae40d40891031240e9cfdf9c85372\" style=\"margin-top:0;margin-bottom:0\">MC, Chalmers<\/p>\n\n\n\n<ul style=\"line-height:1.75\" class=\"wp-block-list is-style-checkmark-list\">\n<li>Bible study<\/li>\n\n\n\n<li>Fellowship<\/li>\n\n\n\n<li>Prayer for the campus<\/li>\n<\/ul>\n<\/div>\n\n\n\n<div class=\"wp-block-column is-layout-flow wp-block-column-is-layout-flow\" style=\"flex-basis:50%\">\n<figure class=\"wp-block-image size-large is-style-rounded is-style-rounded--2\"><img decoding=\"async\" src=\"https:\/\/ckg.nu\/wp-content\/themes\/twentytwentyfour\/assets\/images\/tourist-and-building.webp\" alt=\"Tourist taking photo of a building\" style=\"aspect-ratio:16\/9;object-fit:cover\"\/><\/figure>\n<\/div>\n<\/div>\n\n\n\n<div style=\"height:var(--wp--preset--spacing--40)\" aria-hidden=\"true\" class=\"wp-block-spacer\"><\/div>\n\n\n\n<div class=\"wp-block-columns alignwide is-layout-flex wp-container-core-columns-is-layout-d1c656ed wp-block-columns-is-layout-flex\">\n<div class=\"wp-block-column is-layout-flow wp-block-column-is-layout-flow\" style=\"flex-basis:50%\">\n<figure class=\"wp-block-image size-large is-style-rounded is-style-rounded--3\"><a href=\"https:\/\/ckg.nu\/en\/alpha\/\"><img loading=\"lazy\" decoding=\"async\" width=\"1024\" height=\"576\" src=\"https:\/\/ckg.nu\/wp-content\/uploads\/2025\/08\/2-1024x576.jpg\" alt=\"Finns det mer att uppt\u00e4cka i livet?\" class=\"wp-image-130\" style=\"aspect-ratio:16\/9;object-fit:cover\" srcset=\"https:\/\/ckg.nu\/wp-content\/uploads\/2025\/08\/2-1024x576.jpg 1024w, https:\/\/ckg.nu\/wp-content\/uploads\/2025\/08\/2-300x169.jpg 300w, https:\/\/ckg.nu\/wp-content\/uploads\/2025\/08\/2-768x432.jpg 768w, https:\/\/ckg.nu\/wp-content\/uploads\/2025\/08\/2-1536x864.jpg 1536w, https:\/\/ckg.nu\/wp-content\/uploads\/2025\/08\/2.jpg 1920w\" sizes=\"auto, (max-width: 1024px) 100vw, 1024px\" \/><\/a><\/figure>\n<\/div>\n\n\n\n<div class=\"wp-block-column is-vertically-aligned-center is-layout-flow wp-block-column-is-layout-flow\" style=\"flex-basis:40%\">\n<h3 class=\"wp-block-heading is-style-asterisk\">Alpha<\/h3>\n\n\n\n<p>Thursdays 17:30 \u2013 19:30<\/p>\n\n\n\n<p class=\"has-contrast-3-color has-text-color has-link-color wp-elements-895ae40d40891031240e9cfdf9c85372\" style=\"margin-top:0;margin-bottom:0\">MC, Chalmers<\/p>\n\n\n\n<ul style=\"line-height:1.75\" class=\"wp-block-list is-style-checkmark-list\">\n<li>For those curious about life's big questions<\/li>\n\n\n\n<li>Free food<\/li>\n\n\n\n<li>Conversation, film, and community<\/li>\n<\/ul>\n\n\n\n<p><a href=\"https:\/\/ckg.nu\/en\/alpha\/\" data-type=\"page\" data-id=\"126\">Read more<\/a><\/p>\n<\/div>\n<\/div>\n<\/div>\n<\/div>\n\n\n\n<div class=\"wp-block-group alignfull has-base-background-color has-background has-global-padding is-layout-constrained wp-container-core-group-is-layout-d89aad35 wp-block-group-is-layout-constrained\" style=\"margin-top:0;margin-bottom:0;padding-top:var(--wp--preset--spacing--50);padding-right:var(--wp--preset--spacing--50);padding-bottom:var(--wp--preset--spacing--50);padding-left:var(--wp--preset--spacing--50)\">\n<h2 class=\"wp-block-heading has-text-align-center is-style-asterisk\">Upcoming events<\/h2>\n\n\n\n<div style=\"height:16px\" aria-hidden=\"true\" class=\"wp-block-spacer\"><\/div>\n\n\n\n<div style=\"border-radius: 24px; overflow: hidden;\">\n<iframe loading=\"lazy\" src=\"https:\/\/calendar.google.com\/calendar\/embed?src=c_aa5b1122f7fc4df5b3ebf6c414f7b9ef97553fadd835f565abe5441ba8761655%40group.calendar.google.com&#038;ctz=Europe%2FBerlin&#038;showTitle=0&#038;showPrint=0&#038;showCalendars=0&#038;showTz=0&#038;mode=AGENDA\" style=\"border: 0\" width=\"100%\" height=\"600\" frameborder=\"0\" scrolling=\"no\"><\/iframe>\n<\/div>\n<\/div>","protected":false},"excerpt":{"rendered":"<p>Chalmers Kristna Grupp Vi vill g\u00f6ra Jesus k\u00e4nd, trodd, \u00e4lskad och efterf\u00f6ljd p\u00e5 Chalmers. H\u00e4ng med! Vad g\u00f6r vi? Vi vill be och arbeta som en kristen gemenskap p\u00e5 Chalmers f\u00f6r att Guds vilja ska ske p\u00e5 jorden s\u00e5 som i himlen. Lunchgemenskap Tisdagar 12:00 &#8211; 13:00 MC, Chalmers Alpha Torsdagar 17:30 &#8211; 19:30 MC, [&hellip;]<\/p>\n","protected":false},"author":1,"featured_media":0,"parent":0,"menu_order":0,"comment_status":"closed","ping_status":"closed","template":"","meta":{"footnotes":""},"class_list":["post-97","page","type-page","status-publish","hentry"],"yoast_head":"<!-- This site is optimized with the Yoast SEO plugin v27.4 - https:\/\/yoast.com\/product\/yoast-seo-wordpress\/ -->\n<title>CKG - Chalmers Kristna Grupp<\/title>\n<meta name=\"robots\" content=\"index, follow, max-snippet:-1, max-image-preview:large, max-video-preview:-1\" \/>\n<link rel=\"canonical\" href=\"https:\/\/ckg.nu\/en\/\" \/>\n<meta property=\"og:locale\" content=\"en_US\" \/>\n<meta property=\"og:type\" content=\"article\" \/>\n<meta property=\"og:title\" content=\"CKG - Chalmers Kristna Grupp\" \/>\n<meta property=\"og:description\" content=\"Chalmers Kristna Grupp Vi vill g\u00f6ra Jesus k\u00e4nd, trodd, \u00e4lskad och efterf\u00f6ljd p\u00e5 Chalmers. H\u00e4ng med! Vad g\u00f6r vi? Vi vill be och arbeta som en kristen gemenskap p\u00e5 Chalmers f\u00f6r att Guds vilja ska ske p\u00e5 jorden s\u00e5 som i himlen. Lunchgemenskap Tisdagar 12:00 &#8211; 13:00 MC, Chalmers Alpha Torsdagar 17:30 &#8211; 19:30 MC, [&hellip;]\" \/>\n<meta property=\"og:url\" content=\"https:\/\/ckg.nu\/en\/\" \/>\n<meta property=\"og:site_name\" content=\"Chalmers Kristna Grupp\" \/>\n<meta property=\"article:modified_time\" content=\"2026-02-27T09:16:35+00:00\" \/>\n<meta property=\"og:image\" content=\"https:\/\/ckg.nu\/wp-content\/uploads\/2025\/08\/Kors-orange.png\" \/>\n\t<meta property=\"og:image:width\" content=\"2048\" \/>\n\t<meta property=\"og:image:height\" content=\"1045\" \/>\n\t<meta property=\"og:image:type\" content=\"image\/png\" \/>\n<meta name=\"twitter:card\" content=\"summary_large_image\" \/>\n<script type=\"application\/ld+json\" class=\"yoast-schema-graph\">{\"@context\":\"https:\\\/\\\/schema.org\",\"@graph\":[{\"@type\":\"WebPage\",\"@id\":\"https:\\\/\\\/ckg.nu\\\/\",\"url\":\"https:\\\/\\\/ckg.nu\\\/\",\"name\":\"CKG - Chalmers Kristna Grupp\",\"isPartOf\":{\"@id\":\"https:\\\/\\\/ckg.nu\\\/#website\"},\"primaryImageOfPage\":{\"@id\":\"https:\\\/\\\/ckg.nu\\\/#primaryimage\"},\"image\":{\"@id\":\"https:\\\/\\\/ckg.nu\\\/#primaryimage\"},\"thumbnailUrl\":\"https:\\\/\\\/ckg.nu\\\/wp-content\\\/uploads\\\/2025\\\/08\\\/Kors-orange.png\",\"datePublished\":\"2025-08-13T11:33:57+00:00\",\"dateModified\":\"2026-02-27T09:16:35+00:00\",\"breadcrumb\":{\"@id\":\"https:\\\/\\\/ckg.nu\\\/#breadcrumb\"},\"inLanguage\":\"en-US\",\"potentialAction\":[{\"@type\":\"ReadAction\",\"target\":[\"https:\\\/\\\/ckg.nu\\\/\"]}]},{\"@type\":\"ImageObject\",\"inLanguage\":\"en-US\",\"@id\":\"https:\\\/\\\/ckg.nu\\\/#primaryimage\",\"url\":\"https:\\\/\\\/ckg.nu\\\/wp-content\\\/uploads\\\/2025\\\/08\\\/Kors-orange.png\",\"contentUrl\":\"https:\\\/\\\/ckg.nu\\\/wp-content\\\/uploads\\\/2025\\\/08\\\/Kors-orange.png\"},{\"@type\":\"BreadcrumbList\",\"@id\":\"https:\\\/\\\/ckg.nu\\\/#breadcrumb\",\"itemListElement\":[{\"@type\":\"ListItem\",\"position\":1,\"name\":\"Hem\",\"item\":\"https:\\\/\\\/ckg.nu\\\/\"},{\"@type\":\"ListItem\",\"position\":2,\"name\":\"CKG\"}]},{\"@type\":\"WebSite\",\"@id\":\"https:\\\/\\\/ckg.nu\\\/#website\",\"url\":\"https:\\\/\\\/ckg.nu\\\/\",\"name\":\"Chalmers Kristna Grupp\",\"description\":\"Med Gud p\u00e5 Chalmers\",\"publisher\":{\"@id\":\"https:\\\/\\\/ckg.nu\\\/#organization\"},\"potentialAction\":[{\"@type\":\"SearchAction\",\"target\":{\"@type\":\"EntryPoint\",\"urlTemplate\":\"https:\\\/\\\/ckg.nu\\\/?s={search_term_string}\"},\"query-input\":{\"@type\":\"PropertyValueSpecification\",\"valueRequired\":true,\"valueName\":\"search_term_string\"}}],\"inLanguage\":\"en-US\"},{\"@type\":\"Organization\",\"@id\":\"https:\\\/\\\/ckg.nu\\\/#organization\",\"name\":\"Chalmers Kristna Grupp\",\"url\":\"https:\\\/\\\/ckg.nu\\\/\",\"logo\":{\"@type\":\"ImageObject\",\"inLanguage\":\"en-US\",\"@id\":\"https:\\\/\\\/ckg.nu\\\/#\\\/schema\\\/logo\\\/image\\\/\",\"url\":\"https:\\\/\\\/ckg.nu\\\/wp-content\\\/uploads\\\/2017\\\/11\\\/cropped-logga_orange.png\",\"contentUrl\":\"https:\\\/\\\/ckg.nu\\\/wp-content\\\/uploads\\\/2017\\\/11\\\/cropped-logga_orange.png\",\"width\":250,\"height\":116,\"caption\":\"Chalmers Kristna Grupp\"},\"image\":{\"@id\":\"https:\\\/\\\/ckg.nu\\\/#\\\/schema\\\/logo\\\/image\\\/\"}}]}<\/script>\n<!-- \/ Yoast SEO plugin. -->","yoast_head_json":{"title":"CKG - Chalmers Kristna Grupp","robots":{"index":"index","follow":"follow","max-snippet":"max-snippet:-1","max-image-preview":"max-image-preview:large","max-video-preview":"max-video-preview:-1"},"canonical":"https:\/\/ckg.nu\/en\/","og_locale":"en_US","og_type":"article","og_title":"CKG - Chalmers Kristna Grupp","og_description":"Chalmers Kristna Grupp Vi vill g\u00f6ra Jesus k\u00e4nd, trodd, \u00e4lskad och efterf\u00f6ljd p\u00e5 Chalmers. H\u00e4ng med! Vad g\u00f6r vi? Vi vill be och arbeta som en kristen gemenskap p\u00e5 Chalmers f\u00f6r att Guds vilja ska ske p\u00e5 jorden s\u00e5 som i himlen. Lunchgemenskap Tisdagar 12:00 &#8211; 13:00 MC, Chalmers Alpha Torsdagar 17:30 &#8211; 19:30 MC, [&hellip;]","og_url":"https:\/\/ckg.nu\/en\/","og_site_name":"Chalmers Kristna Grupp","article_modified_time":"2026-02-27T09:16:35+00:00","og_image":[{"width":2048,"height":1045,"url":"https:\/\/ckg.nu\/wp-content\/uploads\/2025\/08\/Kors-orange.png","type":"image\/png"}],"twitter_card":"summary_large_image","schema":{"@context":"https:\/\/schema.org","@graph":[{"@type":"WebPage","@id":"https:\/\/ckg.nu\/","url":"https:\/\/ckg.nu\/","name":"CKG - Chalmers Kristna Grupp","isPartOf":{"@id":"https:\/\/ckg.nu\/#website"},"primaryImageOfPage":{"@id":"https:\/\/ckg.nu\/#primaryimage"},"image":{"@id":"https:\/\/ckg.nu\/#primaryimage"},"thumbnailUrl":"https:\/\/ckg.nu\/wp-content\/uploads\/2025\/08\/Kors-orange.png","datePublished":"2025-08-13T11:33:57+00:00","dateModified":"2026-02-27T09:16:35+00:00","breadcrumb":{"@id":"https:\/\/ckg.nu\/#breadcrumb"},"inLanguage":"en-US","potentialAction":[{"@type":"ReadAction","target":["https:\/\/ckg.nu\/"]}]},{"@type":"ImageObject","inLanguage":"en-US","@id":"https:\/\/ckg.nu\/#primaryimage","url":"https:\/\/ckg.nu\/wp-content\/uploads\/2025\/08\/Kors-orange.png","contentUrl":"https:\/\/ckg.nu\/wp-content\/uploads\/2025\/08\/Kors-orange.png"},{"@type":"BreadcrumbList","@id":"https:\/\/ckg.nu\/#breadcrumb","itemListElement":[{"@type":"ListItem","position":1,"name":"Hem","item":"https:\/\/ckg.nu\/"},{"@type":"ListItem","position":2,"name":"CKG"}]},{"@type":"WebSite","@id":"https:\/\/ckg.nu\/#website","url":"https:\/\/ckg.nu\/","name":"Chalmers Kristna Grupp","description":"With God at Chalmers","publisher":{"@id":"https:\/\/ckg.nu\/#organization"},"potentialAction":[{"@type":"SearchAction","target":{"@type":"EntryPoint","urlTemplate":"https:\/\/ckg.nu\/?s={search_term_string}"},"query-input":{"@type":"PropertyValueSpecification","valueRequired":true,"valueName":"search_term_string"}}],"inLanguage":"en-US"},{"@type":"Organization","@id":"https:\/\/ckg.nu\/#organization","name":"Chalmers Kristna Grupp","url":"https:\/\/ckg.nu\/","logo":{"@type":"ImageObject","inLanguage":"en-US","@id":"https:\/\/ckg.nu\/#\/schema\/logo\/image\/","url":"https:\/\/ckg.nu\/wp-content\/uploads\/2017\/11\/cropped-logga_orange.png","contentUrl":"https:\/\/ckg.nu\/wp-content\/uploads\/2017\/11\/cropped-logga_orange.png","width":250,"height":116,"caption":"Chalmers Kristna Grupp"},"image":{"@id":"https:\/\/ckg.nu\/#\/schema\/logo\/image\/"}}]}},"_links":{"self":[{"href":"https:\/\/ckg.nu\/en\/wp-json\/wp\/v2\/pages\/97","targetHints":{"allow":["GET"]}}],"collection":[{"href":"https:\/\/ckg.nu\/en\/wp-json\/wp\/v2\/pages"}],"about":[{"href":"https:\/\/ckg.nu\/en\/wp-json\/wp\/v2\/types\/page"}],"author":[{"embeddable":true,"href":"https:\/\/ckg.nu\/en\/wp-json\/wp\/v2\/users\/1"}],"replies":[{"embeddable":true,"href":"https:\/\/ckg.nu\/en\/wp-json\/wp\/v2\/comments?post=97"}],"version-history":[{"count":17,"href":"https:\/\/ckg.nu\/en\/wp-json\/wp\/v2\/pages\/97\/revisions"}],"predecessor-version":[{"id":188,"href":"https:\/\/ckg.nu\/en\/wp-json\/wp\/v2\/pages\/97\/revisions\/188"}],"wp:attachment":[{"href":"https:\/\/ckg.nu\/en\/wp-json\/wp\/v2\/media?parent=97"}],"curies":[{"name":"wp","href":"https:\/\/api.w.org\/{rel}","templated":true}]}}